{"id":1821,"date":"2025-11-16T19:18:27","date_gmt":"2025-11-16T19:18:27","guid":{"rendered":"https:\/\/ministry1.govmu.org\/cbrd\/?page_id=1821"},"modified":"2026-02-25T11:18:20","modified_gmt":"2026-02-25T11:18:20","slug":"fees-payable-to-roc","status":"publish","type":"page","link":"https:\/\/companies.govmu.org\/cbrd\/fees-payable-to-roc\/","title":{"rendered":"Fees Payable to the Registrar"},"content":{"rendered":"\t\t<div data-elementor-type=\"wp-page\" data-elementor-id=\"1821\" class=\"elementor elementor-1821\" data-elementor-post-type=\"page\">\n\t\t\t\t<div class=\"elementor-element elementor-element-62cd2c4 e-con-full e-flex e-con e-parent\" data-id=\"62cd2c4\" data-element_type=\"container\" data-settings=\"{&quot;background_background&quot;:&quot;classic&quot;}\">\n\t\t\t\t<div class=\"elementor-element elementor-element-eea1ba6 elementor-widget__width-inherit elementor-widget elementor-widget-heading\" data-id=\"eea1ba6\" data-element_type=\"widget\" data-widget_type=\"heading.default\">\n\t\t\t\t\t<h2 class=\"elementor-heading-title elementor-size-default\">Fees<\/h2>\t\t\t\t<\/div>\n\t\t\t\t<\/div>\n\t\t<div class=\"elementor-element elementor-element-99408e3 e-flex e-con-boxed e-con e-parent\" data-id=\"99408e3\" data-element_type=\"container\">\n\t\t\t\t\t<div class=\"e-con-inner\">\n\t\t\t\t<div class=\"elementor-element elementor-element-2edf7f3 elementor-widget elementor-widget-heading\" data-id=\"2edf7f3\" data-element_type=\"widget\" data-widget_type=\"heading.default\">\n\t\t\t\t\t<h4 class=\"elementor-heading-title elementor-size-default\">Fees Payable to the Registrar<\/h4>\t\t\t\t<\/div>\n\t\t\t\t<div class=\"elementor-element elementor-element-046a30f elementor-widget-divider--view-line elementor-widget elementor-widget-divider\" data-id=\"046a30f\" data-element_type=\"widget\" data-widget_type=\"divider.default\">\n\t\t\t\t\t\t\t<div class=\"elementor-divider\">\n\t\t\t<span class=\"elementor-divider-separator\">\n\t\t\t\t\t\t<\/span>\n\t\t<\/div>\n\t\t\t\t\t\t<\/div>\n\t\t\t\t<div class=\"elementor-element elementor-element-ba8451f elementor-widget elementor-widget-heading\" data-id=\"ba8451f\" data-element_type=\"widget\" data-widget_type=\"heading.default\">\n\t\t\t\t\t<h4 class=\"elementor-heading-title elementor-size-default\"><a href=\"\/cbrd\/wp-content\/uploads\/2025\/08\/Paymentof-Registration-Fees-2025-and-Trade-Fees-2024_2025.pdf\" target=\"_blank\">Payment of Registration Fees 2025 and Trade Fees 2024\/2025<\/a><\/h4>\t\t\t\t<\/div>\n\t\t\t\t<div class=\"elementor-element elementor-element-4f8eef6 elementor-widget elementor-widget-heading\" data-id=\"4f8eef6\" data-element_type=\"widget\" data-widget_type=\"heading.default\">\n\t\t\t\t\t<h2 class=\"elementor-heading-title elementor-size-default\"><a href=\"\/cbrd\/wp-content\/uploads\/2025\/08\/UPDATED-REGULATION-PAYMENT-OF-FEES.pdf\" target=\"_blank\">Companies Registration\/Other Fees<\/a><\/h2>\t\t\t\t<\/div>\n\t\t\t\t<div class=\"elementor-element elementor-element-49777b7 elementor-widget elementor-widget-heading\" data-id=\"49777b7\" data-element_type=\"widget\" data-widget_type=\"heading.default\">\n\t\t\t\t\t<h4 class=\"elementor-heading-title elementor-size-default\"><a href=\"\/cbrd\/wp-content\/uploads\/2025\/08\/LLP-.pdf\" target=\"_blank\">Regulation made by the Minister under  Section 68 of the Limited Liability Partnership Act 2016<\/a><\/h4>\t\t\t\t<\/div>\n\t\t\t\t<div class=\"elementor-element elementor-element-a6114e9 elementor-widget elementor-widget-heading\" data-id=\"a6114e9\" data-element_type=\"widget\" data-widget_type=\"heading.default\">\n\t\t\t\t\t<h2 class=\"elementor-heading-title elementor-size-default\"><br>Registration Fee<\/h2>\t\t\t\t<\/div>\n\t\t\t\t<div class=\"elementor-element elementor-element-2a51167 elementor-widget-divider--view-line elementor-widget elementor-widget-divider\" data-id=\"2a51167\" data-element_type=\"widget\" data-widget_type=\"divider.default\">\n\t\t\t\t\t\t\t<div class=\"elementor-divider\">\n\t\t\t<span class=\"elementor-divider-separator\">\n\t\t\t\t\t\t<\/span>\n\t\t<\/div>\n\t\t\t\t\t\t<\/div>\n\t\t\t\t<div class=\"elementor-element elementor-element-8064772 elementor-widget elementor-widget-text-editor\" data-id=\"8064772\" data-element_type=\"widget\" data-widget_type=\"text-editor.default\">\n\t\t\t\t\t\t\t\t\t<p>Registration fee is an annual fee payable to the Registrar of companies under part 1 of the\u00a0 Twelfth Schedule\u00a0 of the Companies Act 2001 so long the company or commercial partnership remains registered with the Registrar.<\/p>\t\t\t\t\t\t\t\t<\/div>\n\t\t<div class=\"elementor-element elementor-element-37c2957 e-con-full e-flex e-con e-child\" data-id=\"37c2957\" data-element_type=\"container\">\n\t\t\t\t<div class=\"elementor-element elementor-element-508cf4e elementor-widget elementor-widget-n-accordion\" data-id=\"508cf4e\" data-element_type=\"widget\" data-settings=\"{&quot;default_state&quot;:&quot;all_collapsed&quot;,&quot;max_items_expended&quot;:&quot;one&quot;,&quot;n_accordion_animation_duration&quot;:{&quot;unit&quot;:&quot;ms&quot;,&quot;size&quot;:400,&quot;sizes&quot;:[]}}\" data-widget_type=\"nested-accordion.default\">\n\t\t\t\t\t\t\t<div class=\"e-n-accordion\" aria-label=\"Accordion. Open links with Enter or Space, close with Escape, and navigate with Arrow Keys\">\n\t\t\t\t\t\t<details id=\"e-n-accordion-item-8440\" class=\"e-n-accordion-item\" >\n\t\t\t\t<summary class=\"e-n-accordion-item-title\" data-accordion-index=\"1\" tabindex=\"0\" aria-expanded=\"false\" aria-controls=\"e-n-accordion-item-8440\" >\n\t\t\t\t\t<span class='e-n-accordion-item-title-header'><div class=\"e-n-accordion-item-title-text\"> Registration Fees Payable for the Year 2026 <\/div><\/span>\n\t\t\t\t\t\t\t<span class='e-n-accordion-item-title-icon'>\n\t\t\t<span class='e-opened' ><svg aria-hidden=\"true\" class=\"e-font-icon-svg e-fas-minus\" viewBox=\"0 0 448 512\" xmlns=\"http:\/\/www.w3.org\/2000\/svg\"><path d=\"M416 208H32c-17.67 0-32 14.33-32 32v32c0 17.67 14.33 32 32 32h384c17.67 0 32-14.33 32-32v-32c0-17.67-14.33-32-32-32z\"><\/path><\/svg><\/span>\n\t\t\t<span class='e-closed'><svg aria-hidden=\"true\" class=\"e-font-icon-svg e-fas-plus\" viewBox=\"0 0 448 512\" xmlns=\"http:\/\/www.w3.org\/2000\/svg\"><path d=\"M416 208H272V64c0-17.67-14.33-32-32-32h-32c-17.67 0-32 14.33-32 32v144H32c-17.67 0-32 14.33-32 32v32c0 17.67 14.33 32 32 32h144v144c0 17.67 14.33 32 32 32h32c17.67 0 32-14.33 32-32V304h144c17.67 0 32-14.33 32-32v-32c0-17.67-14.33-32-32-32z\"><\/path><\/svg><\/span>\n\t\t<\/span>\n\n\t\t\t\t\t\t<\/summary>\n\t\t\t\t<div role=\"region\" aria-labelledby=\"e-n-accordion-item-8440\" class=\"elementor-element elementor-element-46ee199 e-con-full e-flex e-con e-child\" data-id=\"46ee199\" data-element_type=\"container\" data-settings=\"{&quot;background_background&quot;:&quot;classic&quot;}\">\n\t\t\t\t<div class=\"elementor-element elementor-element-0629bec elementor-widget elementor-widget-shortcode\" data-id=\"0629bec\" data-element_type=\"widget\" data-widget_type=\"shortcode.default\">\n\t\t\t\t\t\t\t<div class=\"elementor-shortcode\"><div class=\"supsystic-table-loader spinner\"style=\"background-color:#000000\"><\/div><div id=\"supsystic-table-27_17514\" class=\"supsystic-tables-wrap \" style=\" width:100%; visibility: hidden; \" data-table-width-fixed=\"100%\" data-table-width-mobile=\"100%\" ><table id=\"supsystic-table-27\" class=\"supsystic-table border lightboxImg cell-border\" data-id=\"27\" data-view-id=\"27_17514\" data-title=\"Registration Fees Payable for Year 2026\" data-currency-format=\"$1,000.00\" data-percent-format=\"10.00%\" data-date-format=\"DD.MM.YYYY\" data-time-format=\"HH:mm\" data-features=\"[&quot;searching&quot;,&quot;after_table_loaded_script&quot;]\" data-search-value=\"\" data-lightbox-img=\"\" data-head-rows-count=\"1\" data-pagination-length=\"50,100,All\" data-auto-index=\"off\" data-searching-settings=\"{&quot;columnSearchPosition&quot;:&quot;bottom&quot;,&quot;minChars&quot;:&quot;0&quot;}\" data-lang=\"default\" data-override=\"{&quot;emptyTable&quot;:&quot;&quot;,&quot;info&quot;:&quot;&quot;,&quot;infoEmpty&quot;:&quot;&quot;,&quot;infoFiltered&quot;:&quot;&quot;,&quot;lengthMenu&quot;:&quot;&quot;,&quot;search&quot;:&quot;&quot;,&quot;previous&quot;:&quot;&quot;,&quot;next&quot;:&quot;&quot;,&quot;zeroRecords&quot;:&quot;&quot;,&quot;exportLabel&quot;:&quot;&quot;,&quot;file&quot;:&quot;default&quot;}\" data-merged=\"[{&quot;row&quot;:0,&quot;col&quot;:1,&quot;rowspan&quot;:1,&quot;colspan&quot;:2,&quot;removed&quot;:false},{&quot;row&quot;:0,&quot;col&quot;:0,&quot;rowspan&quot;:2,&quot;colspan&quot;:1,&quot;removed&quot;:false}]\" data-responsive-mode=\"0\" data-from-history=\"0\" ><thead><tr><th class=\"\" style=\"width:; padding: 0 !important;\"><\/th><th class=\"\" style=\"width:; padding: 0 !important;\"><\/th><th class=\"\" style=\"width:; padding: 0 !important;\"><\/th><\/tr><\/thead><tbody><tr style=\"height:35px\" ><td data-cell-id=\"A1\" data-x=\"0\" data-y=\"1\" data-db-index=\"1\" class=\"htCenter htMiddle bold\" data-cell-type=\"text\" data-original-value=\"Types of Companies \/ Soci\u00e9t\u00e9s \/ Limited Partnerships \/ Limited Liability Partnerships \/ Foundations\" data-order=\"Types of Companies \/ Soci\u00e9t\u00e9s \/ Limited Partnerships \/ Limited Liability Partnerships \/ Foundations\" style=\"min-width:71.8676%; \" data-colspan=\"1\" data-rowspan=\"2\" >Types of Companies \/ Soci\u00e9t\u00e9s \/ Limited Partnerships \/ Limited Liability Partnerships \/ Foundations <\/td><td data-cell-id=\"B1\" data-x=\"1\" data-y=\"1\" data-db-index=\"1\" class=\"htCenter bold htMiddle\" data-cell-type=\"text\" data-original-value=\"Registration Fees Payable (Rs)\" data-order=\"Registration Fees Payable (Rs)\" style=\"min-width:14.7754%; \" data-colspan=\"2\" data-rowspan=\"1\" >Registration Fees Payable (Rs) <\/td><td data-cell-id=\"C1\" data-x=\"2\" data-y=\"1\" data-db-index=\"1\" class=\"htCenter bold htMiddle\" data-cell-type=\"text\" data-original-value=\"\" data-order=\"\" style=\"min-width:13.357%; \" data-hide=\"true\" ><\/td><\/tr><tr style=\"height:px\" ><td data-cell-id=\"A2\" data-x=\"0\" data-y=\"2\" data-db-index=\"2\" class=\"htCenter htMiddle\" data-cell-type=\"text\" data-original-value=\"\" data-order=\"\" data-hide=\"true\" ><\/td><td data-cell-id=\"B2\" data-x=\"1\" data-y=\"2\" data-db-index=\"2\" class=\"bold htCenter\" data-cell-type=\"text\" data-original-value=\"Within Due Date\" data-order=\"Within Due Date\" >Within Due Date <\/td><td data-cell-id=\"C2\" data-x=\"2\" data-y=\"2\" data-db-index=\"2\" class=\"bold htCenter\" data-cell-type=\"text\" data-original-value=\"After Due Date\" data-order=\"After Due Date\" >After Due Date <\/td><\/tr><tr style=\"height:px\" ><td data-cell-id=\"A3\" data-x=\"0\" data-y=\"3\" data-db-index=\"3\" class=\"\" data-cell-type=\"text\" data-original-value=\"Small Private company (Turnover not exceeding Rs 30 Million)\" data-order=\"Small Private company (Turnover not exceeding Rs 30 Million)\" >Small Private company (Turnover not exceeding Rs 30 Million) <\/td><td data-cell-id=\"B3\" data-x=\"1\" data-y=\"3\" data-db-index=\"3\" class=\"htCenter\" data-cell-type=\"text\" data-original-value=\"500\" data-order=\"500\" >500 <\/td><td data-cell-id=\"C3\" data-x=\"2\" data-y=\"3\" data-db-index=\"3\" class=\"htCenter\" data-cell-type=\"text\" data-original-value=\"750\" data-order=\"750\" >750 <\/td><\/tr><tr style=\"height:px\" ><td data-cell-id=\"A4\" data-x=\"0\" data-y=\"4\" data-db-index=\"4\" class=\"\" data-cell-type=\"text\" data-original-value=\"Small Private company (Turnover exceeding Rs 30 Million) but less that Rs 100 Million\" data-order=\"Small Private company (Turnover exceeding Rs 30 Million) but less that Rs 100 Million\" >Small Private company (Turnover exceeding Rs 30 Million) but less that Rs 100 Million <\/td><td data-cell-id=\"B4\" data-x=\"1\" data-y=\"4\" data-db-index=\"4\" class=\"htCenter\" data-cell-type=\"text\" data-original-value=\"2,500\" data-order=\"2,500\" >2,500 <\/td><td data-cell-id=\"C4\" data-x=\"2\" data-y=\"4\" data-db-index=\"4\" class=\"htCenter\" data-cell-type=\"text\" data-original-value=\"3,750\" data-order=\"3,750\" >3,750 <\/td><\/tr><tr style=\"height:px\" ><td data-cell-id=\"A5\" data-x=\"0\" data-y=\"5\" data-db-index=\"5\" class=\"\" data-cell-type=\"text\" data-original-value=\"Private Company (Turnover exceeding Rs 100 Million)\" data-order=\"Private Company (Turnover exceeding Rs 100 Million)\" >Private Company (Turnover exceeding Rs 100 Million) <\/td><td data-cell-id=\"B5\" data-x=\"1\" data-y=\"5\" data-db-index=\"5\" class=\"htCenter\" data-cell-type=\"text\" data-original-value=\"18,000\" data-order=\"18,000\" >18,000 <\/td><td data-cell-id=\"C5\" data-x=\"2\" data-y=\"5\" data-db-index=\"5\" class=\"htCenter\" data-cell-type=\"text\" data-original-value=\"27,000\" data-order=\"27,000\" >27,000 <\/td><\/tr><tr style=\"height:px\" ><td data-cell-id=\"A6\" data-x=\"0\" data-y=\"6\" data-db-index=\"6\" class=\"\" data-cell-type=\"text\" data-original-value=\"Public Company\" data-order=\"Public Company\" >Public Company <\/td><td data-cell-id=\"B6\" data-x=\"1\" data-y=\"6\" data-db-index=\"6\" class=\"htCenter\" data-cell-type=\"text\" data-original-value=\"27,000\" data-order=\"27,000\" >27,000 <\/td><td data-cell-id=\"C6\" data-x=\"2\" data-y=\"6\" data-db-index=\"6\" class=\"htCenter\" data-cell-type=\"text\" data-original-value=\"40,500\" data-order=\"40,500\" >40,500 <\/td><\/tr><tr style=\"height:px\" ><td data-cell-id=\"A7\" data-x=\"0\" data-y=\"7\" data-db-index=\"7\" class=\"\" data-cell-type=\"text\" data-original-value=\"Foreign Company\" data-order=\"Foreign Company\" >Foreign Company <\/td><td data-cell-id=\"B7\" data-x=\"1\" data-y=\"7\" data-db-index=\"7\" class=\"htCenter\" data-cell-type=\"text\" data-original-value=\"27,000\" data-order=\"27,000\" >27,000 <\/td><td data-cell-id=\"C7\" data-x=\"2\" data-y=\"7\" data-db-index=\"7\" class=\"htCenter\" data-cell-type=\"text\" data-original-value=\"40,500\" data-order=\"40,500\" >40,500 <\/td><\/tr><tr style=\"height:px\" ><td data-cell-id=\"A8\" data-x=\"0\" data-y=\"8\" data-db-index=\"8\" class=\"\" data-cell-type=\"text\" data-original-value=\"Private company holding a Global Business Licence\" data-order=\"Private company holding a Global Business Licence\" >Private company holding a Global Business Licence <\/td><td data-cell-id=\"B8\" data-x=\"1\" data-y=\"8\" data-db-index=\"8\" class=\"htCenter\" data-cell-type=\"text\" data-original-value=\"18,000\" data-order=\"18,000\" >18,000 <\/td><td data-cell-id=\"C8\" data-x=\"2\" data-y=\"8\" data-db-index=\"8\" class=\"htCenter\" data-cell-type=\"text\" data-original-value=\"27,000\" data-order=\"27,000\" >27,000 <\/td><\/tr><tr style=\"height:px\" ><td data-cell-id=\"A9\" data-x=\"0\" data-y=\"9\" data-db-index=\"9\" class=\"\" data-cell-type=\"text\" data-original-value=\"Public Company holding a Global Business Licence\" data-order=\"Public Company holding a Global Business Licence\" >Public Company holding a Global Business Licence <\/td><td data-cell-id=\"B9\" data-x=\"1\" data-y=\"9\" data-db-index=\"9\" class=\"htCenter\" data-cell-type=\"text\" data-original-value=\"27,000\" data-order=\"27,000\" >27,000 <\/td><td data-cell-id=\"C9\" data-x=\"2\" data-y=\"9\" data-db-index=\"9\" class=\"htCenter\" data-cell-type=\"text\" data-original-value=\"40,500\" data-order=\"40,500\" >40,500 <\/td><\/tr><tr style=\"height:px\" ><td data-cell-id=\"A10\" data-x=\"0\" data-y=\"10\" data-db-index=\"10\" class=\"\" data-cell-type=\"text\" data-original-value=\"Foreign Company holding a Global Business Licence\" data-order=\"Foreign Company holding a Global Business Licence\" >Foreign Company holding a Global Business Licence <\/td><td data-cell-id=\"B10\" data-x=\"1\" data-y=\"10\" data-db-index=\"10\" class=\"htCenter\" data-cell-type=\"text\" data-original-value=\"27,000\" data-order=\"27,000\" >27,000 <\/td><td data-cell-id=\"C10\" data-x=\"2\" data-y=\"10\" data-db-index=\"10\" class=\"htCenter\" data-cell-type=\"text\" data-original-value=\"40,500\" data-order=\"40,500\" >40,500 <\/td><\/tr><tr style=\"height:px\" ><td data-cell-id=\"A11\" data-x=\"0\" data-y=\"11\" data-db-index=\"11\" class=\"\" data-cell-type=\"text\" data-original-value=\"Authorised Company\" data-order=\"Authorised Company\" >Authorised Company <\/td><td data-cell-id=\"B11\" data-x=\"1\" data-y=\"11\" data-db-index=\"11\" class=\"htCenter bold\" data-cell-type=\"text\" data-original-value=\"USD 130\" data-order=\"USD 130\" >USD 130 <\/td><td data-cell-id=\"C11\" data-x=\"2\" data-y=\"11\" data-db-index=\"11\" class=\"bold htCenter\" data-cell-type=\"text\" data-original-value=\"USD 200\" data-order=\"USD 200\" >USD 200 <\/td><\/tr><tr style=\"height:px\" ><td data-cell-id=\"A12\" data-x=\"0\" data-y=\"12\" data-db-index=\"12\" class=\"\" data-cell-type=\"text\" data-original-value=\"Dormant Company (Only those companies recorded as dormant by the Registrar)\" data-order=\"Dormant Company (Only those companies recorded as dormant by the Registrar)\" >Dormant Company (Only those companies recorded as dormant by the Registrar) <\/td><td data-cell-id=\"B12\" data-x=\"1\" data-y=\"12\" data-db-index=\"12\" class=\"htCenter\" data-cell-type=\"text\" data-original-value=\"2,500\" data-order=\"2,500\" >2,500 <\/td><td data-cell-id=\"C12\" data-x=\"2\" data-y=\"12\" data-db-index=\"12\" class=\"htCenter\" data-cell-type=\"text\" data-original-value=\"3,750\" data-order=\"3,750\" >3,750 <\/td><\/tr><tr style=\"height:24px\" ><td data-cell-id=\"A13\" data-x=\"0\" data-y=\"13\" data-db-index=\"13\" class=\"\" data-cell-type=\"text\" data-original-value=\"Soci\u00e9t\u00e9 Commerciale including Soci\u00e9t\u00e9 Commerciale de fait\" data-order=\"Soci\u00e9t\u00e9 Commerciale including Soci\u00e9t\u00e9 Commerciale de fait\" >Soci\u00e9t\u00e9 Commerciale including Soci\u00e9t\u00e9 Commerciale de fait <\/td><td data-cell-id=\"B13\" data-x=\"1\" data-y=\"13\" data-db-index=\"13\" class=\"htCenter\" data-cell-type=\"text\" data-original-value=\"9,000\" data-order=\"9,000\" >9,000 <\/td><td data-cell-id=\"C13\" data-x=\"2\" data-y=\"13\" data-db-index=\"13\" class=\"htCenter\" data-cell-type=\"text\" data-original-value=\"13,500\" data-order=\"13,500\" >13,500 <\/td><\/tr><tr style=\"height:px\" ><td data-cell-id=\"A14\" data-x=\"0\" data-y=\"14\" data-db-index=\"14\" class=\"\" data-cell-type=\"text\" data-original-value=\"Domestic Limited Partnership\" data-order=\"Domestic Limited Partnership\" >Domestic Limited Partnership <\/td><td data-cell-id=\"B14\" data-x=\"1\" data-y=\"14\" data-db-index=\"14\" class=\"htCenter\" data-cell-type=\"text\" data-original-value=\"5,000\" data-order=\"5,000\" >5,000 <\/td><td data-cell-id=\"C14\" data-x=\"2\" data-y=\"14\" data-db-index=\"14\" class=\"htCenter\" data-cell-type=\"text\" data-original-value=\"7,500\" data-order=\"7,500\" >7,500 <\/td><\/tr><tr style=\"height:px\" ><td data-cell-id=\"A15\" data-x=\"0\" data-y=\"15\" data-db-index=\"15\" class=\"\" data-cell-type=\"text\" data-original-value=\"Foreign Limited Partnerhsip\" data-order=\"Foreign Limited Partnerhsip\" >Foreign Limited Partnerhsip <\/td><td data-cell-id=\"B15\" data-x=\"1\" data-y=\"15\" data-db-index=\"15\" class=\"htCenter\" data-cell-type=\"text\" data-original-value=\"18,000\" data-order=\"18,000\" >18,000 <\/td><td data-cell-id=\"C15\" data-x=\"2\" data-y=\"15\" data-db-index=\"15\" class=\"htCenter\" data-cell-type=\"text\" data-original-value=\"26,000\" data-order=\"26,000\" >26,000 <\/td><\/tr><tr style=\"height:px\" ><td data-cell-id=\"A16\" data-x=\"0\" data-y=\"16\" data-db-index=\"16\" class=\"\" data-cell-type=\"text\" data-original-value=\"Limited Partnership holding a Global Business Licence\" data-order=\"Limited Partnership holding a Global Business Licence\" >Limited Partnership holding a Global Business Licence <\/td><td data-cell-id=\"B16\" data-x=\"1\" data-y=\"16\" data-db-index=\"16\" class=\"htCenter\" data-cell-type=\"text\" data-original-value=\"5,000\" data-order=\"5,000\" >5,000 <\/td><td data-cell-id=\"C16\" data-x=\"2\" data-y=\"16\" data-db-index=\"16\" class=\"htCenter\" data-cell-type=\"text\" data-original-value=\"7,500\" data-order=\"7,500\" >7,500 <\/td><\/tr><tr style=\"height:px\" ><td data-cell-id=\"A17\" data-x=\"0\" data-y=\"17\" data-db-index=\"17\" class=\"\" data-cell-type=\"text\" data-original-value=\"Domestic Limited Liability Partnership\" data-order=\"Domestic Limited Liability Partnership\" >Domestic Limited Liability Partnership <\/td><td data-cell-id=\"B17\" data-x=\"1\" data-y=\"17\" data-db-index=\"17\" class=\"htCenter\" data-cell-type=\"text\" data-original-value=\"5,000\" data-order=\"5,000\" >5,000 <\/td><td data-cell-id=\"C17\" data-x=\"2\" data-y=\"17\" data-db-index=\"17\" class=\"htCenter\" data-cell-type=\"text\" data-original-value=\"7,500\" data-order=\"7,500\" >7,500 <\/td><\/tr><tr style=\"height:px\" ><td data-cell-id=\"A18\" data-x=\"0\" data-y=\"18\" data-db-index=\"18\" class=\"\" data-cell-type=\"text\" data-original-value=\"Foreign Limited Liability Partnership\" data-order=\"Foreign Limited Liability Partnership\" >Foreign Limited Liability Partnership <\/td><td data-cell-id=\"B18\" data-x=\"1\" data-y=\"18\" data-db-index=\"18\" class=\"htCenter\" data-cell-type=\"text\" data-original-value=\"18,000\" data-order=\"18,000\" >18,000 <\/td><td data-cell-id=\"C18\" data-x=\"2\" data-y=\"18\" data-db-index=\"18\" class=\"htCenter\" data-cell-type=\"text\" data-original-value=\"26,000\" data-order=\"26,000\" >26,000 <\/td><\/tr><tr style=\"height:px\" ><td data-cell-id=\"A19\" data-x=\"0\" data-y=\"19\" data-db-index=\"19\" class=\"\" data-cell-type=\"text\" data-original-value=\"Limited Liability Partnership holding a Global Business Licence\" data-order=\"Limited Liability Partnership holding a Global Business Licence\" >Limited Liability Partnership holding a Global Business Licence <\/td><td data-cell-id=\"B19\" data-x=\"1\" data-y=\"19\" data-db-index=\"19\" class=\"htCenter\" data-cell-type=\"text\" data-original-value=\"5,000\" data-order=\"5,000\" >5,000 <\/td><td data-cell-id=\"C19\" data-x=\"2\" data-y=\"19\" data-db-index=\"19\" class=\"htCenter\" data-cell-type=\"text\" data-original-value=\"7,000\" data-order=\"7,000\" >7,000 <\/td><\/tr><tr style=\"height:px\" ><td data-cell-id=\"A20\" data-x=\"0\" data-y=\"20\" data-db-index=\"20\" class=\"\" data-cell-type=\"text\" data-original-value=\"Foundation\" data-order=\"Foundation\" >Foundation <\/td><td data-cell-id=\"B20\" data-x=\"1\" data-y=\"20\" data-db-index=\"20\" class=\"htCenter\" data-cell-type=\"text\" data-original-value=\"9,000\" data-order=\"9,000\" >9,000 <\/td><td data-cell-id=\"C20\" data-x=\"2\" data-y=\"20\" data-db-index=\"20\" class=\"htCenter\" data-cell-type=\"text\" data-original-value=\"13,000\" data-order=\"13,000\" >13,000 <\/td><\/tr><tr style=\"height:px\" ><td data-cell-id=\"A21\" data-x=\"0\" data-y=\"21\" data-db-index=\"21\" class=\"\" data-cell-type=\"text\" data-original-value=\"Foundation-other than charitable\" data-order=\"Foundation-other than charitable\" >Foundation-other than charitable <\/td><td data-cell-id=\"B21\" data-x=\"1\" data-y=\"21\" data-db-index=\"21\" class=\"htCenter\" data-cell-type=\"text\" data-original-value=\"18,000\" data-order=\"18,000\" >18,000 <\/td><td data-cell-id=\"C21\" data-x=\"2\" data-y=\"21\" data-db-index=\"21\" class=\"htCenter\" data-cell-type=\"text\" data-original-value=\"26,000\" data-order=\"26,000\" >26,000 <\/td><\/tr><\/tbody><\/table><!-- \/#supsystic-table-27.supsystic-table --><\/div><!-- \/.supsystic-tables-wrap --><!-- Tables Generator by Supsystic --><!-- Version:1.10.45 --><!-- http:\/\/supsystic.com\/ --><\/div>\n\t\t\t\t\t\t<\/div>\n\t\t\t\t<\/div>\n\t\t\t\t\t<\/details>\n\t\t\t\t\t<\/div>\n\t\t\t\t\t\t<\/div>\n\t\t\t\t<\/div>\n\t\t\t\t\t<\/div>\n\t\t\t\t<\/div>\n\t\t<div class=\"elementor-element elementor-element-0e8d6d5 e-flex e-con-boxed e-con e-parent\" data-id=\"0e8d6d5\" data-element_type=\"container\">\n\t\t\t\t\t<div class=\"e-con-inner\">\n\t\t\t\t<div class=\"elementor-element elementor-element-badb12f elementor-widget elementor-widget-spacer\" data-id=\"badb12f\" data-element_type=\"widget\" data-widget_type=\"spacer.default\">\n\t\t\t\t\t\t\t<div class=\"elementor-spacer\">\n\t\t\t<div class=\"elementor-spacer-inner\"><\/div>\n\t\t<\/div>\n\t\t\t\t\t\t<\/div>\n\t\t\t\t\t<\/div>\n\t\t\t\t<\/div>\n\t\t\t\t<\/div>\n\t\t","protected":false},"excerpt":{"rendered":"<p>Fees Fees Payable to the Registrar Payment of Registration Fees 2025 and Trade Fees 2024\/2025 Companies Registration\/Other Fees Regulation made by the Minister under Section 68 of the Limited Liability Partnership Act 2016 Registration Fee Registration fee is an annual fee payable to the Registrar of companies under part 1 of the\u00a0 Twelfth Schedule\u00a0 of [&hellip;]<\/p>\n","protected":false},"author":1,"featured_media":0,"parent":0,"menu_order":0,"comment_status":"closed","ping_status":"closed","template":"","meta":{"footnotes":""},"wf_page_folders":[],"class_list":["post-1821","page","type-page","status-publish","hentry"],"_links":{"self":[{"href":"https:\/\/companies.govmu.org\/cbrd\/wp-json\/wp\/v2\/pages\/1821","targetHints":{"allow":["GET"]}}],"collection":[{"href":"https:\/\/companies.govmu.org\/cbrd\/wp-json\/wp\/v2\/pages"}],"about":[{"href":"https:\/\/companies.govmu.org\/cbrd\/wp-json\/wp\/v2\/types\/page"}],"author":[{"embeddable":true,"href":"https:\/\/companies.govmu.org\/cbrd\/wp-json\/wp\/v2\/users\/1"}],"replies":[{"embeddable":true,"href":"https:\/\/companies.govmu.org\/cbrd\/wp-json\/wp\/v2\/comments?post=1821"}],"version-history":[{"count":63,"href":"https:\/\/companies.govmu.org\/cbrd\/wp-json\/wp\/v2\/pages\/1821\/revisions"}],"predecessor-version":[{"id":4899,"href":"https:\/\/companies.govmu.org\/cbrd\/wp-json\/wp\/v2\/pages\/1821\/revisions\/4899"}],"wp:attachment":[{"href":"https:\/\/companies.govmu.org\/cbrd\/wp-json\/wp\/v2\/media?parent=1821"}],"wp:term":[{"taxonomy":"wf_page_folders","embeddable":true,"href":"https:\/\/companies.govmu.org\/cbrd\/wp-json\/wp\/v2\/wf_page_folders?post=1821"}],"curies":[{"name":"wp","href":"https:\/\/api.w.org\/{rel}","templated":true}]}}