{"id":3773,"date":"2026-02-02T06:36:12","date_gmt":"2026-02-02T06:36:12","guid":{"rendered":"https:\/\/ministry1.govmu.org\/cbrd\/?page_id=3773"},"modified":"2026-02-23T15:42:20","modified_gmt":"2026-02-23T15:42:20","slug":"registering-a-societe","status":"publish","type":"page","link":"https:\/\/companies.govmu.org\/cbrd\/registering-a-societe\/","title":{"rendered":"Registering a Soci\u00e9t\u00e9"},"content":{"rendered":"\t\t<div data-elementor-type=\"wp-page\" data-elementor-id=\"3773\" class=\"elementor elementor-3773\" data-elementor-post-type=\"page\">\n\t\t\t\t<div class=\"elementor-element elementor-element-116c595 e-flex e-con-boxed e-con e-parent\" data-id=\"116c595\" data-element_type=\"container\" data-settings=\"{&quot;background_background&quot;:&quot;classic&quot;}\">\n\t\t\t\t\t<div class=\"e-con-inner\">\n\t\t\t\t<div class=\"elementor-element elementor-element-a6bbd57 elementor-widget elementor-widget-heading\" data-id=\"a6bbd57\" data-element_type=\"widget\" data-widget_type=\"heading.default\">\n\t\t\t\t\t<h2 class=\"elementor-heading-title elementor-size-default\">Registering a Soci\u00e9t\u00e9<\/h2>\t\t\t\t<\/div>\n\t\t\t\t\t<\/div>\n\t\t\t\t<\/div>\n\t\t<div class=\"elementor-element elementor-element-b564aab e-con-full e-flex e-con e-parent\" data-id=\"b564aab\" data-element_type=\"container\">\n\t\t\t\t<div class=\"elementor-element elementor-element-3fb22e9 elementor-widget__width-inherit e-n-tabs-mobile elementor-widget elementor-widget-n-tabs\" data-id=\"3fb22e9\" data-element_type=\"widget\" data-widget_type=\"nested-tabs.default\">\n\t\t\t\t\t\t\t<div class=\"e-n-tabs\" data-widget-number=\"66790121\" aria-label=\"Tabs. Open items with Enter or Space, close with Escape and navigate using the Arrow keys.\">\n\t\t\t<div class=\"e-n-tabs-heading\" role=\"tablist\">\n\t\t\t\t\t<button id=\"e-n-tab-title-667901211\" class=\"e-n-tab-title\" aria-selected=\"true\" data-tab-index=\"1\" role=\"tab\" tabindex=\"0\" aria-controls=\"e-n-tab-content-667901211\" style=\"--n-tabs-title-order: 1;\">\n\t\t\t\t\t\t<span class=\"e-n-tab-title-text\">\n\t\t\t\tSoci\u00e9t\u00e9\t\t\t<\/span>\n\t\t<\/button>\n\t\t\t\t<button id=\"e-n-tab-title-667901212\" class=\"e-n-tab-title\" aria-selected=\"false\" data-tab-index=\"2\" role=\"tab\" tabindex=\"-1\" aria-controls=\"e-n-tab-content-667901212\" style=\"--n-tabs-title-order: 2;\">\n\t\t\t\t\t\t<span class=\"e-n-tab-title-text\">\n\t\t\t\tRegistration of a Soci\u00e9t\u00e9 (Civil\/Commercial)\t\t\t<\/span>\n\t\t<\/button>\n\t\t\t\t<button id=\"e-n-tab-title-667901213\" class=\"e-n-tab-title\" aria-selected=\"false\" data-tab-index=\"3\" role=\"tab\" tabindex=\"-1\" aria-controls=\"e-n-tab-content-667901213\" style=\"--n-tabs-title-order: 3;\">\n\t\t\t\t\t\t<span class=\"e-n-tab-title-text\">\n\t\t\t\tOther Documents\/Changes\t\t\t<\/span>\n\t\t<\/button>\n\t\t\t\t\t<\/div>\n\t\t\t<div class=\"e-n-tabs-content\">\n\t\t\t\t<div id=\"e-n-tab-content-667901211\" role=\"tabpanel\" aria-labelledby=\"e-n-tab-title-667901211\" data-tab-index=\"1\" style=\"--n-tabs-title-order: 1;\" class=\"e-active elementor-element elementor-element-b4fb9e7 e-con-full e-flex e-con e-child\" data-id=\"b4fb9e7\" data-element_type=\"container\">\n\t\t<div class=\"elementor-element elementor-element-16119c3 e-con-full e-flex e-con e-child\" data-id=\"16119c3\" data-element_type=\"container\">\n\t\t<div class=\"elementor-element elementor-element-e97cbad e-con-full e-flex e-con e-child\" data-id=\"e97cbad\" data-element_type=\"container\">\n\t\t\t\t<div class=\"elementor-element elementor-element-b9efd4d elementor-widget__width-inherit elementor-widget elementor-widget-heading\" data-id=\"b9efd4d\" data-element_type=\"widget\" data-widget_type=\"heading.default\">\n\t\t\t\t\t<h2 class=\"elementor-heading-title elementor-size-default\">Soci\u00e9t\u00e9<\/h2>\t\t\t\t<\/div>\n\t\t\t\t<\/div>\n\t\t\t\t<div class=\"elementor-element elementor-element-45499b6 elementor-widget elementor-widget-text-editor\" data-id=\"45499b6\" data-element_type=\"widget\" data-widget_type=\"text-editor.default\">\n\t\t\t\t\t\t\t\t\t<p>A<em><strong> Soci\u00e9t\u00e9<\/strong><\/em> is an entity between 2 or more<strong><em> associ\u00e9s<\/em><\/strong> formed for a specific purpose.<\/p><p>There are different types of <em><strong>Soci\u00e9t\u00e9s:-<\/strong><\/em><\/p><ul><li>Soci\u00e9t\u00e9 Commerciale which includes Soci\u00e9t\u00e9 <em>en nom collectif et en commandit\u00e9 simple<\/em><\/li><li><em>Soci\u00e9t\u00e9 Civile<\/em><\/li><\/ul><p><em>Soci\u00e9t\u00e9 Commerciale and Soci\u00e9t\u00e9 en nom collectif et en commandit\u00e9 simple are governed by the Code Commerce (Amendment) Act, Act 21 of 1985 and are required to pay an Annual Registration Fee.<\/em><\/p><p><em>Soci\u00e9t\u00e9 Civile is regulated by the Code Civil Mauricien<\/em><\/p>\t\t\t\t\t\t\t\t<\/div>\n\t\t\t\t<\/div>\n\t\t<div class=\"elementor-element elementor-element-6973b1a e-con-full e-flex e-con e-child\" data-id=\"6973b1a\" data-element_type=\"container\">\n\t\t<div class=\"elementor-element elementor-element-924b601 e-con-full e-flex e-con e-child\" data-id=\"924b601\" data-element_type=\"container\">\n\t\t\t\t<div class=\"elementor-element elementor-element-234ba75 elementor-widget elementor-widget-n-accordion\" data-id=\"234ba75\" data-element_type=\"widget\" data-settings=\"{&quot;default_state&quot;:&quot;expanded&quot;,&quot;max_items_expended&quot;:&quot;one&quot;,&quot;n_accordion_animation_duration&quot;:{&quot;unit&quot;:&quot;ms&quot;,&quot;size&quot;:400,&quot;sizes&quot;:[]}}\" data-widget_type=\"nested-accordion.default\">\n\t\t\t\t\t\t\t<div class=\"e-n-accordion\" aria-label=\"Accordion. Open links with Enter or Space, close with Escape, and navigate with Arrow Keys\">\n\t\t\t\t\t\t<details id=\"e-n-accordion-item-3700\" class=\"e-n-accordion-item\" open>\n\t\t\t\t<summary class=\"e-n-accordion-item-title\" data-accordion-index=\"1\" tabindex=\"0\" aria-expanded=\"true\" aria-controls=\"e-n-accordion-item-3700\" >\n\t\t\t\t\t<span class='e-n-accordion-item-title-header'><div class=\"e-n-accordion-item-title-text\"> Soci\u00e9t\u00e9 <\/div><\/span>\n\t\t\t\t\t\t\t<span class='e-n-accordion-item-title-icon'>\n\t\t\t<span class='e-opened' ><svg aria-hidden=\"true\" class=\"e-font-icon-svg e-fas-minus\" viewBox=\"0 0 448 512\" xmlns=\"http:\/\/www.w3.org\/2000\/svg\"><path d=\"M416 208H32c-17.67 0-32 14.33-32 32v32c0 17.67 14.33 32 32 32h384c17.67 0 32-14.33 32-32v-32c0-17.67-14.33-32-32-32z\"><\/path><\/svg><\/span>\n\t\t\t<span class='e-closed'><svg aria-hidden=\"true\" class=\"e-font-icon-svg e-fas-plus\" viewBox=\"0 0 448 512\" xmlns=\"http:\/\/www.w3.org\/2000\/svg\"><path d=\"M416 208H272V64c0-17.67-14.33-32-32-32h-32c-17.67 0-32 14.33-32 32v144H32c-17.67 0-32 14.33-32 32v32c0 17.67 14.33 32 32 32h144v144c0 17.67 14.33 32 32 32h32c17.67 0 32-14.33 32-32V304h144c17.67 0 32-14.33 32-32v-32c0-17.67-14.33-32-32-32z\"><\/path><\/svg><\/span>\n\t\t<\/span>\n\n\t\t\t\t\t\t<\/summary>\n\t\t\t\t<div role=\"region\" aria-labelledby=\"e-n-accordion-item-3700\" class=\"elementor-element elementor-element-e9280df e-con-full e-flex e-con e-child\" data-id=\"e9280df\" data-element_type=\"container\" data-settings=\"{&quot;background_background&quot;:&quot;classic&quot;}\">\n\t\t<div role=\"region\" aria-labelledby=\"e-n-accordion-item-3700\" class=\"elementor-element elementor-element-6821db5 e-flex e-con-boxed e-con e-child\" data-id=\"6821db5\" data-element_type=\"container\">\n\t\t\t\t\t<div class=\"e-con-inner\">\n\t\t\t\t<div class=\"elementor-element elementor-element-5ea0adc elementor-widget elementor-widget-text-editor\" data-id=\"5ea0adc\" data-element_type=\"widget\" data-widget_type=\"text-editor.default\">\n\t\t\t\t\t\t\t\t\t<p><a href=\"\/cbrd\/wp-content\/uploads\/2026\/02\/code-de-commerce.pdf\">Code de Commerce<\/a><\/p><p><a href=\"\/cbrd\/wp-content\/uploads\/2026\/02\/code-civil-mauricien.pdf\">Code Civil Mauricien<\/a><\/p>\t\t\t\t\t\t\t\t<\/div>\n\t\t\t\t\t<\/div>\n\t\t\t\t<\/div>\n\t\t\t\t<\/div>\n\t\t\t\t\t<\/details>\n\t\t\t\t\t<\/div>\n\t\t\t\t\t\t<\/div>\n\t\t\t\t<\/div>\n\t\t\t\t<\/div>\n\t\t\t\t<\/div>\n\t\t<div id=\"e-n-tab-content-667901212\" role=\"tabpanel\" aria-labelledby=\"e-n-tab-title-667901212\" data-tab-index=\"2\" style=\"--n-tabs-title-order: 2;\" class=\" elementor-element elementor-element-59902cd e-con-full e-flex e-con e-child\" data-id=\"59902cd\" data-element_type=\"container\">\n\t\t<div class=\"elementor-element elementor-element-7d8f02d e-con-full e-flex e-con e-child\" data-id=\"7d8f02d\" data-element_type=\"container\">\n\t\t<div class=\"elementor-element elementor-element-e2b53bc e-con-full e-flex e-con e-child\" data-id=\"e2b53bc\" data-element_type=\"container\">\n\t\t\t\t<div class=\"elementor-element elementor-element-244e3a3 elementor-widget__width-inherit elementor-widget elementor-widget-heading\" data-id=\"244e3a3\" data-element_type=\"widget\" data-widget_type=\"heading.default\">\n\t\t\t\t\t<h2 class=\"elementor-heading-title elementor-size-default\">Registration of a Soci\u00e9t\u00e9 (Civil\/Commercial)<\/h2>\t\t\t\t<\/div>\n\t\t\t\t<\/div>\n\t\t<div class=\"elementor-element elementor-element-fe7b6ed e-con-full e-flex e-con e-child\" data-id=\"fe7b6ed\" data-element_type=\"container\">\n\t\t\t\t<div class=\"elementor-element elementor-element-ef8e2bd elementor-widget elementor-widget-text-editor\" data-id=\"ef8e2bd\" data-element_type=\"widget\" data-widget_type=\"text-editor.default\">\n\t\t\t\t\t\t\t\t\t<ol><li>Statuts &#8211; Civil or Commercial<\/li><li><em>Soci\u00e9t\u00e9 Civil mostly are Partnership holding assets whereas Soci\u00e9t\u00e9 Commerciale are Partnership who trade.<\/em><\/li><li>For Civil at registration there is no payment whereas for Commercial payment of <span style=\"text-decoration: underline;\"><strong>Rs 9000<\/strong> <\/span>is required.<\/li><li>Information required in Status &#8211; (can be done by Notary Deed or Sous seing Privee).<\/li><li>Form &#8211; Application for Reservation of Partnership Name<\/li><\/ol>\t\t\t\t\t\t\t\t<\/div>\n\t\t\t\t<\/div>\n\t\t\t\t<\/div>\n\t\t<div class=\"elementor-element elementor-element-b10d345 e-con-full e-flex e-con e-child\" data-id=\"b10d345\" data-element_type=\"container\">\n\t\t<div class=\"elementor-element elementor-element-37d772d e-con-full e-flex e-con e-child\" data-id=\"37d772d\" data-element_type=\"container\">\n\t\t\t\t<div class=\"elementor-element elementor-element-5bfcce5 elementor-widget elementor-widget-n-accordion\" data-id=\"5bfcce5\" data-element_type=\"widget\" data-settings=\"{&quot;default_state&quot;:&quot;expanded&quot;,&quot;max_items_expended&quot;:&quot;one&quot;,&quot;n_accordion_animation_duration&quot;:{&quot;unit&quot;:&quot;ms&quot;,&quot;size&quot;:400,&quot;sizes&quot;:[]}}\" data-widget_type=\"nested-accordion.default\">\n\t\t\t\t\t\t\t<div class=\"e-n-accordion\" aria-label=\"Accordion. Open links with Enter or Space, close with Escape, and navigate with Arrow Keys\">\n\t\t\t\t\t\t<details id=\"e-n-accordion-item-9640\" class=\"e-n-accordion-item\" open>\n\t\t\t\t<summary class=\"e-n-accordion-item-title\" data-accordion-index=\"1\" tabindex=\"0\" aria-expanded=\"true\" aria-controls=\"e-n-accordion-item-9640\" >\n\t\t\t\t\t<span class='e-n-accordion-item-title-header'><div class=\"e-n-accordion-item-title-text\"> Soci\u00e9t\u00e9 <\/div><\/span>\n\t\t\t\t\t\t\t<span class='e-n-accordion-item-title-icon'>\n\t\t\t<span class='e-opened' ><svg aria-hidden=\"true\" class=\"e-font-icon-svg e-fas-minus\" viewBox=\"0 0 448 512\" xmlns=\"http:\/\/www.w3.org\/2000\/svg\"><path d=\"M416 208H32c-17.67 0-32 14.33-32 32v32c0 17.67 14.33 32 32 32h384c17.67 0 32-14.33 32-32v-32c0-17.67-14.33-32-32-32z\"><\/path><\/svg><\/span>\n\t\t\t<span class='e-closed'><svg aria-hidden=\"true\" class=\"e-font-icon-svg e-fas-plus\" viewBox=\"0 0 448 512\" xmlns=\"http:\/\/www.w3.org\/2000\/svg\"><path d=\"M416 208H272V64c0-17.67-14.33-32-32-32h-32c-17.67 0-32 14.33-32 32v144H32c-17.67 0-32 14.33-32 32v32c0 17.67 14.33 32 32 32h144v144c0 17.67 14.33 32 32 32h32c17.67 0 32-14.33 32-32V304h144c17.67 0 32-14.33 32-32v-32c0-17.67-14.33-32-32-32z\"><\/path><\/svg><\/span>\n\t\t<\/span>\n\n\t\t\t\t\t\t<\/summary>\n\t\t\t\t<div role=\"region\" aria-labelledby=\"e-n-accordion-item-9640\" class=\"elementor-element elementor-element-14ce121 e-con-full e-flex e-con e-child\" data-id=\"14ce121\" data-element_type=\"container\" data-settings=\"{&quot;background_background&quot;:&quot;classic&quot;}\">\n\t\t<div role=\"region\" aria-labelledby=\"e-n-accordion-item-9640\" class=\"elementor-element elementor-element-1a3a15c e-flex e-con-boxed e-con e-child\" data-id=\"1a3a15c\" data-element_type=\"container\">\n\t\t\t\t\t<div class=\"e-con-inner\">\n\t\t\t\t<div class=\"elementor-element elementor-element-aca0974 elementor-widget elementor-widget-text-editor\" data-id=\"aca0974\" data-element_type=\"widget\" data-widget_type=\"text-editor.default\">\n\t\t\t\t\t\t\t\t\t<p><a href=\"\/cbrd\/wp-content\/uploads\/2026\/02\/code-de-commerce.pdf\">Code de Commerce<\/a><\/p><p><a href=\"\/cbrd\/wp-content\/uploads\/2026\/02\/code-civil-mauricien.pdf\">Code Civil Mauricien<\/a><\/p>\t\t\t\t\t\t\t\t<\/div>\n\t\t\t\t\t<\/div>\n\t\t\t\t<\/div>\n\t\t\t\t<\/div>\n\t\t\t\t\t<\/details>\n\t\t\t\t\t<\/div>\n\t\t\t\t\t\t<\/div>\n\t\t\t\t<\/div>\n\t\t\t\t<\/div>\n\t\t\t\t<\/div>\n\t\t<div id=\"e-n-tab-content-667901213\" role=\"tabpanel\" aria-labelledby=\"e-n-tab-title-667901213\" data-tab-index=\"3\" style=\"--n-tabs-title-order: 3;\" class=\" elementor-element elementor-element-acd83b5 e-con-full e-flex e-con e-child\" data-id=\"acd83b5\" data-element_type=\"container\">\n\t\t<div class=\"elementor-element elementor-element-ed3e856 e-con-full e-flex e-con e-child\" data-id=\"ed3e856\" data-element_type=\"container\">\n\t\t<div class=\"elementor-element elementor-element-af62f1d e-con-full e-flex e-con e-child\" data-id=\"af62f1d\" data-element_type=\"container\">\n\t\t\t\t<div class=\"elementor-element elementor-element-e6aeb34 elementor-widget__width-inherit elementor-widget elementor-widget-heading\" data-id=\"e6aeb34\" data-element_type=\"widget\" data-widget_type=\"heading.default\">\n\t\t\t\t\t<h2 class=\"elementor-heading-title elementor-size-default\">Other Documents\/Changes<\/h2>\t\t\t\t<\/div>\n\t\t\t\t<\/div>\n\t\t<div class=\"elementor-element elementor-element-ddfeeb2 e-con-full e-flex e-con e-child\" data-id=\"ddfeeb2\" data-element_type=\"container\">\n\t\t\t\t<div class=\"elementor-element elementor-element-63a28cb elementor-widget elementor-widget-text-editor\" data-id=\"63a28cb\" data-element_type=\"widget\" data-widget_type=\"text-editor.default\">\n\t\t\t\t\t\t\t\t\t<p>Any change in<span style=\"text-decoration: underline;\"><strong> Soci\u00e9t\u00e9<\/strong> <\/span>should be notified to the Registrar of Companies<\/p><ol><li>Extract of file is issued against payment of <strong>Rs 100<\/strong><\/li><li>Copies<ul><li>Statuts (<strong>Certified Rs 700<\/strong>; <strong>Uncertified Rs 500<\/strong>)<\/li><li>Other documents (<strong>Certified Rs 400<\/strong>; <strong>Uncertified Rs 200)<\/strong><\/li><\/ul><\/li><li>Search <strong>(Rs 100)<\/strong><\/li><li>Request for Information<\/li><\/ol>\t\t\t\t\t\t\t\t<\/div>\n\t\t\t\t<\/div>\n\t\t\t\t<\/div>\n\t\t<div class=\"elementor-element elementor-element-da6386c e-con-full e-flex e-con e-child\" data-id=\"da6386c\" data-element_type=\"container\">\n\t\t<div class=\"elementor-element elementor-element-0197d33 e-con-full e-flex e-con e-child\" data-id=\"0197d33\" data-element_type=\"container\">\n\t\t\t\t<div class=\"elementor-element elementor-element-21c24ff elementor-widget elementor-widget-n-accordion\" data-id=\"21c24ff\" data-element_type=\"widget\" data-settings=\"{&quot;default_state&quot;:&quot;expanded&quot;,&quot;max_items_expended&quot;:&quot;one&quot;,&quot;n_accordion_animation_duration&quot;:{&quot;unit&quot;:&quot;ms&quot;,&quot;size&quot;:400,&quot;sizes&quot;:[]}}\" data-widget_type=\"nested-accordion.default\">\n\t\t\t\t\t\t\t<div class=\"e-n-accordion\" aria-label=\"Accordion. Open links with Enter or Space, close with Escape, and navigate with Arrow Keys\">\n\t\t\t\t\t\t<details id=\"e-n-accordion-item-3530\" class=\"e-n-accordion-item\" open>\n\t\t\t\t<summary class=\"e-n-accordion-item-title\" data-accordion-index=\"1\" tabindex=\"0\" aria-expanded=\"true\" aria-controls=\"e-n-accordion-item-3530\" >\n\t\t\t\t\t<span class='e-n-accordion-item-title-header'><div class=\"e-n-accordion-item-title-text\"> Soci\u00e9t\u00e9 <\/div><\/span>\n\t\t\t\t\t\t\t<span class='e-n-accordion-item-title-icon'>\n\t\t\t<span class='e-opened' ><svg aria-hidden=\"true\" class=\"e-font-icon-svg e-fas-minus\" viewBox=\"0 0 448 512\" xmlns=\"http:\/\/www.w3.org\/2000\/svg\"><path d=\"M416 208H32c-17.67 0-32 14.33-32 32v32c0 17.67 14.33 32 32 32h384c17.67 0 32-14.33 32-32v-32c0-17.67-14.33-32-32-32z\"><\/path><\/svg><\/span>\n\t\t\t<span class='e-closed'><svg aria-hidden=\"true\" class=\"e-font-icon-svg e-fas-plus\" viewBox=\"0 0 448 512\" xmlns=\"http:\/\/www.w3.org\/2000\/svg\"><path d=\"M416 208H272V64c0-17.67-14.33-32-32-32h-32c-17.67 0-32 14.33-32 32v144H32c-17.67 0-32 14.33-32 32v32c0 17.67 14.33 32 32 32h144v144c0 17.67 14.33 32 32 32h32c17.67 0 32-14.33 32-32V304h144c17.67 0 32-14.33 32-32v-32c0-17.67-14.33-32-32-32z\"><\/path><\/svg><\/span>\n\t\t<\/span>\n\n\t\t\t\t\t\t<\/summary>\n\t\t\t\t<div role=\"region\" aria-labelledby=\"e-n-accordion-item-3530\" class=\"elementor-element elementor-element-690c210 e-con-full e-flex e-con e-child\" data-id=\"690c210\" data-element_type=\"container\" data-settings=\"{&quot;background_background&quot;:&quot;classic&quot;}\">\n\t\t<div role=\"region\" aria-labelledby=\"e-n-accordion-item-3530\" class=\"elementor-element elementor-element-0e26f80 e-flex e-con-boxed e-con e-child\" data-id=\"0e26f80\" data-element_type=\"container\">\n\t\t\t\t\t<div class=\"e-con-inner\">\n\t\t\t\t<div class=\"elementor-element elementor-element-acb5681 elementor-widget elementor-widget-text-editor\" data-id=\"acb5681\" data-element_type=\"widget\" data-widget_type=\"text-editor.default\">\n\t\t\t\t\t\t\t\t\t<p><a href=\"\/cbrd\/wp-content\/uploads\/2026\/02\/code-de-commerce.pdf\">Code de Commerce<\/a><\/p><p><a href=\"\/cbrd\/wp-content\/uploads\/2026\/02\/code-civil-mauricien.pdf\">Code Civil Mauricien<\/a><\/p>\t\t\t\t\t\t\t\t<\/div>\n\t\t\t\t\t<\/div>\n\t\t\t\t<\/div>\n\t\t\t\t<\/div>\n\t\t\t\t\t<\/details>\n\t\t\t\t\t<\/div>\n\t\t\t\t\t\t<\/div>\n\t\t\t\t<\/div>\n\t\t\t\t<\/div>\n\t\t\t\t<\/div>\n\t\t\t\t\t<\/div>\n\t\t<\/div>\n\t\t\t\t\t\t<\/div>\n\t\t\t\t<\/div>\n\t\t\t\t<\/div>\n\t\t","protected":false},"excerpt":{"rendered":"<p>Soci\u00e9t\u00e9 Registration of a Soci\u00e9t\u00e9 (Civil\/Commercial) Other Documents\/Changes Soci\u00e9t\u00e9 A Soci\u00e9t\u00e9 is an entity between 2 or more associ\u00e9s formed for a specific purpose. There are different types of Soci\u00e9t\u00e9s:- Soci\u00e9t\u00e9 Commerciale which includes Soci\u00e9t\u00e9 en nom collectif et en commandit\u00e9 simple Soci\u00e9t\u00e9 Civile Soci\u00e9t\u00e9 Commerciale and Soci\u00e9t\u00e9 en nom collectif et en commandit\u00e9 simple [&hellip;]<\/p>\n","protected":false},"author":1,"featured_media":0,"parent":0,"menu_order":0,"comment_status":"closed","ping_status":"closed","template":"","meta":{"footnotes":""},"wf_page_folders":[4,3],"class_list":["post-3773","page","type-page","status-publish","hentry"],"_links":{"self":[{"href":"https:\/\/companies.govmu.org\/cbrd\/wp-json\/wp\/v2\/pages\/3773","targetHints":{"allow":["GET"]}}],"collection":[{"href":"https:\/\/companies.govmu.org\/cbrd\/wp-json\/wp\/v2\/pages"}],"about":[{"href":"https:\/\/companies.govmu.org\/cbrd\/wp-json\/wp\/v2\/types\/page"}],"author":[{"embeddable":true,"href":"https:\/\/companies.govmu.org\/cbrd\/wp-json\/wp\/v2\/users\/1"}],"replies":[{"embeddable":true,"href":"https:\/\/companies.govmu.org\/cbrd\/wp-json\/wp\/v2\/comments?post=3773"}],"version-history":[{"count":28,"href":"https:\/\/companies.govmu.org\/cbrd\/wp-json\/wp\/v2\/pages\/3773\/revisions"}],"predecessor-version":[{"id":4400,"href":"https:\/\/companies.govmu.org\/cbrd\/wp-json\/wp\/v2\/pages\/3773\/revisions\/4400"}],"wp:attachment":[{"href":"https:\/\/companies.govmu.org\/cbrd\/wp-json\/wp\/v2\/media?parent=3773"}],"wp:term":[{"taxonomy":"wf_page_folders","embeddable":true,"href":"https:\/\/companies.govmu.org\/cbrd\/wp-json\/wp\/v2\/wf_page_folders?post=3773"}],"curies":[{"name":"wp","href":"https:\/\/api.w.org\/{rel}","templated":true}]}}